{"id":16965,"date":"2017-06-05T00:52:46","date_gmt":"2017-06-05T00:52:46","guid":{"rendered":"http:\/\/drpedrodetoledo.com.br\/?page_id=16965"},"modified":"2017-06-05T00:52:46","modified_gmt":"2017-06-05T00:52:46","slug":"home-bridge-health-2-2-6-2","status":"publish","type":"page","link":"https:\/\/drpedrodetoledo.com.br\/?page_id=16965","title":{"rendered":"Consult\u00f3rio Petr\u00f3polis HST"},"content":{"rendered":"<p>[vc_row row_type=&#8221;parallax&#8221; parallax_content_width=&#8221;in_grid&#8221; text_align=&#8221;left&#8221; background_image=&#8221;16751&#8243; full_screen_section_height=&#8221;no&#8221; el_class=&#8221;c-slide&#8221; css=&#8221;.vc_custom_1478195610635{background-position: center !important;background-repeat: no-repeat !important;background-size: cover !important;}&#8221;][vc_column][vc_column_text el_class=&#8221;c-slide-bg&#8221;][\/vc_column_text][vc_column_text el_class=&#8221;c-slide-title&#8221;]<\/p>\n<h1>Consult\u00f3rio<\/h1>\n<p>[\/vc_column_text][vc_column_text el_class=&#8221;c-slide-text&#8221;]<\/p>\n<h3>Petr\u00f3polis\u00a0&#8211;\u00a0Hospital Santa Teresa<\/h3>\n<p>[\/vc_column_text][\/vc_column][\/vc_row][vc_row row_type=&#8221;row&#8221; use_row_as_full_screen_section=&#8221;no&#8221; type=&#8221;grid&#8221; angled_section=&#8221;no&#8221; text_align=&#8221;left&#8221; background_image_as_pattern=&#8221;without_pattern&#8221; css_animation=&#8221;&#8221; el_id=&#8221;row-vh&#8221; el_class=&#8221;hasrow&#8221; css=&#8221;.vc_custom_1478181868751{padding-top: 60px !important;padding-bottom: 60px !important;}&#8221;][vc_column][vc_gallery interval=&#8221;5&#8243; images=&#8221;16946,16945&#8243; img_size=&#8221;full&#8221;][vc_column_text css=&#8221;.vc_custom_1496623833271{margin-top: 20px !important;margin-bottom: 20px !important;}&#8221;]<\/p>\n<h2>Facilidade e Seguran\u00e7a<\/h2>\n<p>[\/vc_column_text][vc_column_text css=&#8221;.vc_custom_1496623847774{margin-bottom: 10px !important;}&#8221;]A cl\u00ednica FOCCO, novo setor de oftalmologia do Hospital Santa Teresa, est\u00e1 localizada no 5o andar do hospital. O local foi repaginado para proporcionar um local amplo, moderno e com conforto para o atendimento dos clientes. Pensando em dar uma maior resolutibilidade, possu\u00edmos equipamentos de \u00faltima gera\u00e7\u00e3o para o diagn\u00f3stico das mais diversas patologias.<\/p>\n<p>E, recentemente, com a aquisi\u00e7\u00e3o do mais moderno aparelho para a realiza\u00e7\u00e3o de cirurgias de catarata e retina, nos tornamos um dos maiores e mais especializados centros para a realiza\u00e7\u00e3o destas cirurgias.[\/vc_column_text][vc_column_text css=&#8221;.vc_custom_1496623861558{margin-bottom: 10px !important;}&#8221;]Atendimento particular e planos de sa\u00fade.[\/vc_column_text][vc_column_text css=&#8221;.vc_custom_1496623947906{margin-bottom: 150px !important;}&#8221;]<\/p>\n<ul>\n<li>Estacionamento no Local<\/li>\n<li>Cafeteria<\/li>\n<li>Acesso a cadeirantes<\/li>\n<li>Consultas, exames e cirurgias com a seguran\u00e7a de um hospital de grande porte<\/li>\n<\/ul>\n<p>[\/vc_column_text][\/vc_column][\/vc_row]<\/p>\n","protected":false},"excerpt":{"rendered":"<p>[vc_row row_type=&#8221;parallax&#8221; parallax_content_width=&#8221;in_grid&#8221; text_align=&#8221;left&#8221; background_image=&#8221;16751&#8243; full_screen_section_height=&#8221;no&#8221; el_class=&#8221;c-slide&#8221; css=&#8221;.vc_custom_1478195610635{background-position: center !important;background-repeat: no-repeat !important;background-size: cover !important;}&#8221;][vc_column][vc_column_text el_class=&#8221;c-slide-bg&#8221;][\/vc_column_text][vc_column_text el_class=&#8221;c-slide-title&#8221;] Consult\u00f3rio [\/vc_column_text][vc_column_text el_class=&#8221;c-slide-text&#8221;] Petr\u00f3polis\u00a0&#8211;\u00a0Hospital Santa Teresa [\/vc_column_text][\/vc_column][\/vc_row][vc_row row_type=&#8221;row&#8221; use_row_as_full_screen_section=&#8221;no&#8221; type=&#8221;grid&#8221; angled_section=&#8221;no&#8221; text_align=&#8221;left&#8221; background_image_as_pattern=&#8221;without_pattern&#8221; css_animation=&#8221;&#8221; el_id=&#8221;row-vh&#8221; el_class=&#8221;hasrow&#8221; css=&#8221;.vc_custom_1478181868751{padding-top: 60px !important;padding-bottom: 60px !important;}&#8221;][vc_column][vc_gallery interval=&#8221;5&#8243; images=&#8221;16946,16945&#8243; img_size=&#8221;full&#8221;][vc_column_text css=&#8221;.vc_custom_1496623833271{margin-top: 20px !important;margin-bottom: 20px !important;}&#8221;]&#8230;<\/p>\n","protected":false},"author":1,"featured_media":0,"parent":0,"menu_order":0,"comment_status":"open","ping_status":"open","template":"full_width.php","meta":{"footnotes":""},"_links":{"self":[{"href":"https:\/\/drpedrodetoledo.com.br\/index.php?rest_route=\/wp\/v2\/pages\/16965"}],"collection":[{"href":"https:\/\/drpedrodetoledo.com.br\/index.php?rest_route=\/wp\/v2\/pages"}],"about":[{"href":"https:\/\/drpedrodetoledo.com.br\/index.php?rest_route=\/wp\/v2\/types\/page"}],"author":[{"embeddable":true,"href":"https:\/\/drpedrodetoledo.com.br\/index.php?rest_route=\/wp\/v2\/users\/1"}],"replies":[{"embeddable":true,"href":"https:\/\/drpedrodetoledo.com.br\/index.php?rest_route=%2Fwp%2Fv2%2Fcomments&post=16965"}],"version-history":[{"count":1,"href":"https:\/\/drpedrodetoledo.com.br\/index.php?rest_route=\/wp\/v2\/pages\/16965\/revisions"}],"predecessor-version":[{"id":16966,"href":"https:\/\/drpedrodetoledo.com.br\/index.php?rest_route=\/wp\/v2\/pages\/16965\/revisions\/16966"}],"wp:attachment":[{"href":"https:\/\/drpedrodetoledo.com.br\/index.php?rest_route=%2Fwp%2Fv2%2Fmedia&parent=16965"}],"curies":[{"name":"wp","href":"https:\/\/api.w.org\/{rel}","templated":true}]}}