{"id":16859,"date":"2016-11-10T18:10:46","date_gmt":"2016-11-10T18:10:46","guid":{"rendered":"http:\/\/drpedrodetoledo.com.br\/?page_id=16859"},"modified":"2017-06-05T00:46:41","modified_gmt":"2017-06-05T00:46:41","slug":"home-bridge-health-2-2-5","status":"publish","type":"page","link":"https:\/\/drpedrodetoledo.com.br\/?page_id=16859","title":{"rendered":"Consult\u00f3rio Barra"},"content":{"rendered":"<p>[vc_row row_type=&#8221;parallax&#8221; parallax_content_width=&#8221;in_grid&#8221; text_align=&#8221;left&#8221; background_image=&#8221;16751&#8243; full_screen_section_height=&#8221;no&#8221; el_class=&#8221;c-slide&#8221; css=&#8221;.vc_custom_1478195610635{background-position: center !important;background-repeat: no-repeat !important;background-size: cover !important;}&#8221;][vc_column][vc_column_text el_class=&#8221;c-slide-bg&#8221;][\/vc_column_text][vc_column_text el_class=&#8221;c-slide-title&#8221;]<\/p>\n<h1>Consult\u00f3rio<\/h1>\n<p>[\/vc_column_text][vc_column_text el_class=&#8221;c-slide-text&#8221;]<\/p>\n<h3>Rio de Janeiro &#8211;\u00a0Barra da Tijuca<\/h3>\n<p>[\/vc_column_text][\/vc_column][\/vc_row][vc_row row_type=&#8221;row&#8221; use_row_as_full_screen_section=&#8221;no&#8221; type=&#8221;grid&#8221; angled_section=&#8221;no&#8221; text_align=&#8221;left&#8221; background_image_as_pattern=&#8221;without_pattern&#8221; css_animation=&#8221;&#8221; el_id=&#8221;row-vh&#8221; el_class=&#8221;hasrow&#8221; css=&#8221;.vc_custom_1478181868751{padding-top: 60px !important;padding-bottom: 60px !important;}&#8221;][vc_column][vc_gallery interval=&#8221;5&#8243; images=&#8221;16946,16945&#8243; img_size=&#8221;full&#8221;][vc_column_text css=&#8221;.vc_custom_1496623463200{margin-top: 20px !important;margin-bottom: 20px !important;}&#8221;]<\/p>\n<h2>Tecnologia e Conforto<\/h2>\n<p>[\/vc_column_text][vc_column_text css=&#8221;.vc_custom_1496623549789{margin-bottom: 10px !important;}&#8221;]O Centro Oftalmol\u00f3gico CItt\u00e0 oferece um amplo centro de atendimento e exames ao cliente com acesso a maioria dos planos de sa\u00fade. Localizado no centro empresarial do shopping Citt\u00e0 Am\u00e9rica, o consult\u00f3rio disponibiliza um moderno centro de exames complementares possibilitando que o cliente tenha rapidamente em m\u00e3os o diagn\u00f3stico do seu problema, permitindo desta forma, que o planejamento do seu tratamento seja imediatamente tra\u00e7ado.[\/vc_column_text][vc_column_text css=&#8221;.vc_custom_1496623572468{margin-bottom: 10px !important;}&#8221;]Atendimento particular e planos de sa\u00fade.[\/vc_column_text][vc_column_text css=&#8221;.vc_custom_1496623585680{margin-bottom: 150px !important;}&#8221;]<\/p>\n<ul>\n<li>Estacionamento no Local<\/li>\n<li>Cafeteria<\/li>\n<li>Acesso a cadeirantes<\/li>\n<\/ul>\n<p>[\/vc_column_text][\/vc_column][\/vc_row]<\/p>\n","protected":false},"excerpt":{"rendered":"<p>[vc_row row_type=&#8221;parallax&#8221; parallax_content_width=&#8221;in_grid&#8221; text_align=&#8221;left&#8221; background_image=&#8221;16751&#8243; full_screen_section_height=&#8221;no&#8221; el_class=&#8221;c-slide&#8221; css=&#8221;.vc_custom_1478195610635{background-position: center !important;background-repeat: no-repeat !important;background-size: cover !important;}&#8221;][vc_column][vc_column_text el_class=&#8221;c-slide-bg&#8221;][\/vc_column_text][vc_column_text el_class=&#8221;c-slide-title&#8221;] Consult\u00f3rio [\/vc_column_text][vc_column_text el_class=&#8221;c-slide-text&#8221;] Rio de Janeiro &#8211;\u00a0Barra da Tijuca [\/vc_column_text][\/vc_column][\/vc_row][vc_row row_type=&#8221;row&#8221; use_row_as_full_screen_section=&#8221;no&#8221; type=&#8221;grid&#8221; angled_section=&#8221;no&#8221; text_align=&#8221;left&#8221; background_image_as_pattern=&#8221;without_pattern&#8221; css_animation=&#8221;&#8221; el_id=&#8221;row-vh&#8221; el_class=&#8221;hasrow&#8221; css=&#8221;.vc_custom_1478181868751{padding-top: 60px !important;padding-bottom: 60px !important;}&#8221;][vc_column][vc_gallery interval=&#8221;5&#8243; images=&#8221;16946,16945&#8243; img_size=&#8221;full&#8221;][vc_column_text css=&#8221;.vc_custom_1496623463200{margin-top: 20px&#8230;<\/p>\n","protected":false},"author":1,"featured_media":0,"parent":0,"menu_order":0,"comment_status":"open","ping_status":"open","template":"full_width.php","meta":{"footnotes":""},"_links":{"self":[{"href":"https:\/\/drpedrodetoledo.com.br\/index.php?rest_route=\/wp\/v2\/pages\/16859"}],"collection":[{"href":"https:\/\/drpedrodetoledo.com.br\/index.php?rest_route=\/wp\/v2\/pages"}],"about":[{"href":"https:\/\/drpedrodetoledo.com.br\/index.php?rest_route=\/wp\/v2\/types\/page"}],"author":[{"embeddable":true,"href":"https:\/\/drpedrodetoledo.com.br\/index.php?rest_route=\/wp\/v2\/users\/1"}],"replies":[{"embeddable":true,"href":"https:\/\/drpedrodetoledo.com.br\/index.php?rest_route=%2Fwp%2Fv2%2Fcomments&post=16859"}],"version-history":[{"count":5,"href":"https:\/\/drpedrodetoledo.com.br\/index.php?rest_route=\/wp\/v2\/pages\/16859\/revisions"}],"predecessor-version":[{"id":16963,"href":"https:\/\/drpedrodetoledo.com.br\/index.php?rest_route=\/wp\/v2\/pages\/16859\/revisions\/16963"}],"wp:attachment":[{"href":"https:\/\/drpedrodetoledo.com.br\/index.php?rest_route=%2Fwp%2Fv2%2Fmedia&parent=16859"}],"curies":[{"name":"wp","href":"https:\/\/api.w.org\/{rel}","templated":true}]}}