{"id":16846,"date":"2016-11-10T17:26:55","date_gmt":"2016-11-10T17:26:55","guid":{"rendered":"http:\/\/drpedrodetoledo.com.br\/?page_id=16846"},"modified":"2017-06-05T21:22:28","modified_gmt":"2017-06-05T21:22:28","slug":"home-bridge-health-2-2-3-3","status":"publish","type":"page","link":"https:\/\/drpedrodetoledo.com.br\/?page_id=16846","title":{"rendered":"Corre\u00e7\u00e3o de Ceratocone"},"content":{"rendered":"<p>[vc_row row_type=&#8221;parallax&#8221; parallax_content_width=&#8221;in_grid&#8221; text_align=&#8221;left&#8221; background_image=&#8221;16876&#8243; full_screen_section_height=&#8221;no&#8221; el_class=&#8221;c-slide&#8221; css=&#8221;.vc_custom_1478803100995{background-position: center !important;background-repeat: no-repeat !important;background-size: cover !important;}&#8221;][vc_column][vc_column_text el_class=&#8221;c-slide-bg&#8221;][\/vc_column_text][vc_column_text el_class=&#8221;c-slide-title&#8221;]<\/p>\n<h1>Corre\u00e7\u00e3o de Ceratocone<\/h1>\n<p>[\/vc_column_text][vc_column_text el_class=&#8221;c-slide-text&#8221;]<\/p>\n<h3>Conhe\u00e7a o procedimento<\/h3>\n<p>[\/vc_column_text][\/vc_column][\/vc_row][vc_row row_type=&#8221;row&#8221; use_row_as_full_screen_section=&#8221;no&#8221; type=&#8221;grid&#8221; angled_section=&#8221;no&#8221; text_align=&#8221;left&#8221; background_image_as_pattern=&#8221;without_pattern&#8221; css_animation=&#8221;&#8221; el_id=&#8221;row-vh&#8221; el_class=&#8221;hasrow&#8221; css=&#8221;.vc_custom_1478181868751{padding-top: 60px !important;padding-bottom: 60px !important;}&#8221;][vc_column][vc_gallery interval=&#8221;5&#8243; images=&#8221;16912,16906,16907&#8243; img_size=&#8221;full&#8221; el_class=&#8221;s-big&#8221;][vc_gallery interval=&#8221;5&#8243; images=&#8221;16904,16897,16896&#8243; img_size=&#8221;full&#8221; el_class=&#8221;s-small&#8221;][vc_column_text css=&#8221;.vc_custom_1496697556868{margin-top: 20px !important;margin-bottom: 20px !important;}&#8221;]<\/p>\n<h2>O que \u00e9?<\/h2>\n<p>[\/vc_column_text][vc_column_text css=&#8221;.vc_custom_1496697576326{margin-bottom: 30px !important;}&#8221;]Ceratocone \u00e9 uma patologia que a feta a c\u00f3rnea principalmente em jovens. Est\u00e1 relacionada ao seu aumento da curvatura provocando um alto grau de astigmatismo o que leva a uma vis\u00e3o borrada e ruim. Geralmente, pacientes que possuem o ceratocone, n\u00e3o enxergam muito bem mesmo com os \u00f3culos.[\/vc_column_text][vc_column_text css=&#8221;.vc_custom_1496697607043{margin-top: 20px !important;margin-bottom: 20px !important;}&#8221;]<\/p>\n<h2>Como \u00e9 diagnosticado?<\/h2>\n<p>[\/vc_column_text][vc_column_text css=&#8221;.vc_custom_1496697637463{margin-bottom: 30px !important;}&#8221;]O Ceratocone \u00e9 diagnosticado somente atrav\u00e9s da consulta oftalmol\u00f3gica de rotina. Assim como outras doen\u00e7as oftalmol\u00f3gicas, a altera\u00e7\u00e3o da curvatura da c\u00f3rnea \u00e9 algo silencioso, n\u00e3o d\u00f3i, e \u00e9 raramente percebido pela crian\u00e7a que vai se adaptando a uma forma ruim de enxergar e n\u00e3o se queixa aos pais. O exame oftalmol\u00f3gico j\u00e1 sendo realizado nos primeiros anos de vida, permite ao m\u00e9dico identificar precocemente a dificuldade visual e solicitar exames complementares importante para o diagnostico. Dentre esses exames, o mais importante \u00e9 a topografia de c\u00f3rnea que ir\u00e1 demostrar atrav\u00e9s de uma imagem o aumento da curvatura da c\u00f3rnea do paciente.<\/p>\n<p>[\/vc_column_text][vc_column_text css=&#8221;.vc_custom_1496697665645{margin-top: 20px !important;margin-bottom: 20px !important;}&#8221;]<\/p>\n<h2>Como posso tratar?<\/h2>\n<p>[\/vc_column_text][vc_column_text css=&#8221;.vc_custom_1496697683359{margin-bottom: 30px !important;}&#8221;]O objetivo do tratamento do ceratocone \u00e9 diagnostica-lo precocemente para que medidas sejam adotadas a fim de n\u00e3o deixar que o cone progrida para est\u00e1gios mais avan\u00e7ados. A estabiliza\u00e7\u00e3o atrav\u00e9s de procedimentos como o crosslinking de c\u00f3rnea nos est\u00e1gios iniciais permite que o paciente viva uma vida tranquila com boa vis\u00e3o corrigida ou n\u00e3o por \u00f3culos. Nos casos moderados a avan\u00e7ados, que n\u00e3o fora diagnosticados precocemente, o tratamento tem como objetivo dar ao paciente uma boa qualidade visual para que possa exercer suas atividades rotineiras do dia a dia sem problemas. O uso de lentes de contato r\u00edgidas simples ou especiais como a lente escleral s\u00e3o m\u00e9todos formid\u00e1veis para dar ao paciente uma excelente qualidade visual. Nos casos mais avan\u00e7ados, ou naqueles em que a adapta\u00e7\u00e3o da lente de contato se torna dif\u00edcil pelo acentuado encurvamento da c\u00f3rnea, existem procedimentos cir\u00fargicos como o implante de anel intra-estromal e transplantes de c\u00f3rnea.[\/vc_column_text][vc_column_text css=&#8221;.vc_custom_1496697720472{margin-top: 20px !important;margin-bottom: 20px !important;}&#8221;]<\/p>\n<h2>\u00c9 poss\u00edvel me prevenir?<\/h2>\n<p>[\/vc_column_text][vc_column_text css=&#8221;.vc_custom_1496697726257{margin-bottom: 30px !important;}&#8221;]Alguns trabalhos cient\u00edficos relacionam o aumento da curvatura da c\u00f3rnea com processos al\u00e9rgicos em que o paciente no ato de co\u00e7ar os olhos provoca altera\u00e7\u00f5es na c\u00f3rnea que podem levar ao aparecimento do ceratocone.[\/vc_column_text][\/vc_column][\/vc_row]<\/p>\n","protected":false},"excerpt":{"rendered":"<p>[vc_row row_type=&#8221;parallax&#8221; parallax_content_width=&#8221;in_grid&#8221; text_align=&#8221;left&#8221; background_image=&#8221;16876&#8243; full_screen_section_height=&#8221;no&#8221; el_class=&#8221;c-slide&#8221; css=&#8221;.vc_custom_1478803100995{background-position: center !important;background-repeat: no-repeat !important;background-size: cover !important;}&#8221;][vc_column][vc_column_text el_class=&#8221;c-slide-bg&#8221;][\/vc_column_text][vc_column_text el_class=&#8221;c-slide-title&#8221;] Corre\u00e7\u00e3o de Ceratocone [\/vc_column_text][vc_column_text el_class=&#8221;c-slide-text&#8221;] Conhe\u00e7a o procedimento [\/vc_column_text][\/vc_column][\/vc_row][vc_row row_type=&#8221;row&#8221; use_row_as_full_screen_section=&#8221;no&#8221; type=&#8221;grid&#8221; angled_section=&#8221;no&#8221; text_align=&#8221;left&#8221; background_image_as_pattern=&#8221;without_pattern&#8221; css_animation=&#8221;&#8221; el_id=&#8221;row-vh&#8221; el_class=&#8221;hasrow&#8221; css=&#8221;.vc_custom_1478181868751{padding-top: 60px !important;padding-bottom: 60px !important;}&#8221;][vc_column][vc_gallery interval=&#8221;5&#8243; images=&#8221;16912,16906,16907&#8243; img_size=&#8221;full&#8221; el_class=&#8221;s-big&#8221;][vc_gallery interval=&#8221;5&#8243; images=&#8221;16904,16897,16896&#8243;&#8230;<\/p>\n","protected":false},"author":1,"featured_media":0,"parent":0,"menu_order":0,"comment_status":"open","ping_status":"open","template":"full_width.php","meta":{"footnotes":""},"_links":{"self":[{"href":"https:\/\/drpedrodetoledo.com.br\/index.php?rest_route=\/wp\/v2\/pages\/16846"}],"collection":[{"href":"https:\/\/drpedrodetoledo.com.br\/index.php?rest_route=\/wp\/v2\/pages"}],"about":[{"href":"https:\/\/drpedrodetoledo.com.br\/index.php?rest_route=\/wp\/v2\/types\/page"}],"author":[{"embeddable":true,"href":"https:\/\/drpedrodetoledo.com.br\/index.php?rest_route=\/wp\/v2\/users\/1"}],"replies":[{"embeddable":true,"href":"https:\/\/drpedrodetoledo.com.br\/index.php?rest_route=%2Fwp%2Fv2%2Fcomments&post=16846"}],"version-history":[{"count":10,"href":"https:\/\/drpedrodetoledo.com.br\/index.php?rest_route=\/wp\/v2\/pages\/16846\/revisions"}],"predecessor-version":[{"id":16969,"href":"https:\/\/drpedrodetoledo.com.br\/index.php?rest_route=\/wp\/v2\/pages\/16846\/revisions\/16969"}],"wp:attachment":[{"href":"https:\/\/drpedrodetoledo.com.br\/index.php?rest_route=%2Fwp%2Fv2%2Fmedia&parent=16846"}],"curies":[{"name":"wp","href":"https:\/\/api.w.org\/{rel}","templated":true}]}}