{"id":16830,"date":"2016-11-10T16:56:44","date_gmt":"2016-11-10T16:56:44","guid":{"rendered":"http:\/\/drpedrodetoledo.com.br\/?page_id=16830"},"modified":"2017-06-04T22:37:22","modified_gmt":"2017-06-04T22:37:22","slug":"home-bridge-health-3","status":"publish","type":"page","link":"https:\/\/drpedrodetoledo.com.br\/","title":{"rendered":"Home"},"content":{"rendered":"<p>[vc_row row_type=&#8221;row&#8221; use_row_as_full_screen_section=&#8221;no&#8221; type=&#8221;grid&#8221; angled_section=&#8221;no&#8221; text_align=&#8221;left&#8221; background_image_as_pattern=&#8221;without_pattern&#8221; background_color=&#8221;#f3f4f6&#8243; css_animation=&#8221;&#8221; css=&#8221;.vc_custom_1478030526403{padding-top: 60px !important;padding-bottom: 60px !important;}&#8221; el_class=&#8221;h0&#8243; el_id=&#8221;inicio&#8221;][vc_column][vc_raw_html]JTNDYSUyMGhyZWYlM0QlMjIlMjNpbmljaW8lMjIlM0UlM0NkaXYlMjBjbGFzcyUzRCUyMnNjcm9sbGRvd24lMjIlM0UlM0NpJTIwY2xhc3MlM0QlMjJmYSUyMGZhLWFuZ2xlLWRvd24lMjIlM0UlM0MlMkZpJTNFJTNDJTJGZGl2JTNFJTNDJTJGYSUzRQ==[\/vc_raw_html][\/vc_column][\/vc_row][vc_row row_type=&#8221;row&#8221; use_row_as_full_screen_section=&#8221;no&#8221; type=&#8221;grid&#8221; angled_section=&#8221;no&#8221; text_align=&#8221;left&#8221; background_image_as_pattern=&#8221;without_pattern&#8221; background_color=&#8221;#f3f4f6&#8243; css_animation=&#8221;&#8221; css=&#8221;.vc_custom_1484679308123{padding-bottom: 120px !important;}&#8221; el_class=&#8221;pedro-a&#8221; el_id=&#8221;Dr. Pedro de Toledo&#8221;][vc_column][vc_column_text css=&#8221;.vc_custom_1478797161372{margin-bottom: 60px !important;}&#8221; el_class=&#8221;pedro-h pedro-title&#8221;]<\/p>\n<h1 style=\"text-align: center;\">Dr. Pedro de Toledo<\/h1>\n<p>[\/vc_column_text][vc_column_text el_class=&#8221;pedro-t&#8221; css=&#8221;.vc_custom_1496615784890{margin-bottom: 10px !important;}&#8221;]M\u00e9dico formado pela Universidade Federal do Rio de Janeiro, realizou especializa\u00e7\u00e3o em Oftalmologia pelo Hospital dos Servidores do Estado do Rio de Janeiro e pelo Conselho Brasileiro de Oftalmologia. Se especializou nas \u00e1reas de catarata e lentes de contato obtendo titula\u00e7\u00e3o pela Escola Paulista de Medicina (Unifesp).[\/vc_column_text][vc_column_text el_class=&#8221;pedro-t&#8221; css=&#8221;.vc_custom_1496615719765{margin-bottom: 10px !important;}&#8221;]Atualmente \u00e9 professor de oftalmologia do setor de catarata da Universidade Federal do Rio de Janeiro, membro da Academia Americana de Catarata e Cirurgia Refrativa (ASCRS) e da Academia Brasileira de Catarata e Cirurgia Refrativa (BRASCRS).[\/vc_column_text][vc_column_text el_class=&#8221;pedro-t&#8221; css=&#8221;.vc_custom_1496615749524{margin-bottom: 10px !important;}&#8221;]Tem como proposta de trabalho um modelo de atendimento baseado na constru\u00e7\u00e3o de uma rela\u00e7\u00e3o com o paciente onde a \u00e9tica, a confian\u00e7a e o car\u00e1ter profissional se juntam a qualidade t\u00e9cnica para criar um ambiente diferenciado e personalizado.[\/vc_column_text][\/vc_column][\/vc_row][vc_row row_type=&#8221;row&#8221; use_row_as_full_screen_section=&#8221;no&#8221; type=&#8221;grid&#8221; angled_section=&#8221;no&#8221; text_align=&#8221;left&#8221; background_image_as_pattern=&#8221;without_pattern&#8221; background_color=&#8221;#f3f4f6&#8243; css_animation=&#8221;&#8221; css=&#8221;.vc_custom_1484679104638{padding-bottom: 60px !important;}&#8221; el_class=&#8221;pedro-a&#8221;][vc_column][vc_raw_html]JTNDYSUyMGhyZWYlM0QlMjIlMjNmaXF1ZWRlb2xobyUyMiUzRSUzQ2RpdiUyMGNsYXNzJTNEJTIyc2Nyb2xsZG93bi0yJTIyJTNFJTNDaSUyMGNsYXNzJTNEJTIyZmElMjBmYS1hbmdsZS1kb3duJTIyJTNFJTNDJTJGaSUzRSUzQyUyRmRpdiUzRSUzQyUyRmElM0U=[\/vc_raw_html][\/vc_column][\/vc_row][vc_row row_type=&#8221;row&#8221; use_row_as_full_screen_section=&#8221;no&#8221; type=&#8221;grid&#8221; angled_section=&#8221;no&#8221; text_align=&#8221;left&#8221; background_image_as_pattern=&#8221;without_pattern&#8221; background_color=&#8221;#f9f9f9&#8243; css_animation=&#8221;&#8221; css=&#8221;.vc_custom_1478546366843{padding-top: 60px !important;padding-bottom: 60px !important;background-color: #ffffff !important;background-position: center !important;background-repeat: no-repeat !important;background-size: cover !important;}&#8221; el_class=&#8221;hasrow&#8221; el_id=&#8221;fiquedeolho&#8221;][vc_column][vc_column_text css=&#8221;.vc_custom_1478019910099{margin-bottom: 60px !important;}&#8221; el_class=&#8221;pedro-title&#8221;]<\/p>\n<h1 style=\"text-align: center;\">Artigos Recentes<\/h1>\n<p>[\/vc_column_text]<div class='q_masonry_blog'><div class=\"q_masonry_blog_grid_sizer\"><\/div><div class=\"q_masonry_blog_grid_gutter\"><\/div><article  class='post-17000 post type-post status-publish format-standard has-post-thumbnail hentry category-oftalmo category-sem-categoria '><div class=\"q_masonry_blog_post_image\"><a itemprop=\"url\" href=\"https:\/\/drpedrodetoledo.com.br\/?p=17000\" target=\"_self\"><img decoding=\"async\" itemprop=\"image\" src=\"https:\/\/drpedrodetoledo.com.br\/wp-content\/uploads\/2017\/06\/FOTO_glaucoma-2.jpg\" \/><\/a><\/div><div class=\"q_masonry_blog_post_text\"><h3 itemprop=\"name\" class=\"q_masonry_blog_title entry_title\"><a itemprop=\"url\" href=\"https:\/\/drpedrodetoledo.com.br\/?p=17000\">Glaucoma, o sil\u00eancio que pode levar \u00e0 cegueira.<\/a><\/h3><p itemprop=\"description\" class=\"q_masonry_blog_excerpt\">Considerada uma das principais doen\u00e7as oftalmol\u00f3gicas que podem levar \u00e0 cegueira de maneira irrevers\u00edvel, o glaucoma somente pode ser diagnosticado dentro do consult\u00f3rio m\u00e9dico oftalmol\u00f3gico. E...<\/p><div class=\"q_masonry_blog_post_info\"><\/div><\/div><\/article><article  class='post-16997 post type-post status-publish format-standard has-post-thumbnail hentry category-oftalmo category-sem-categoria '><div class=\"q_masonry_blog_post_image\"><a itemprop=\"url\" href=\"https:\/\/drpedrodetoledo.com.br\/?p=16997\" target=\"_self\"><img decoding=\"async\" itemprop=\"image\" src=\"https:\/\/drpedrodetoledo.com.br\/wp-content\/uploads\/2017\/06\/FOTO_catarata-2.jpg\" \/><\/a><\/div><div class=\"q_masonry_blog_post_text\"><h3 itemprop=\"name\" class=\"q_masonry_blog_title entry_title\"><a itemprop=\"url\" href=\"https:\/\/drpedrodetoledo.com.br\/?p=16997\">Catarata, uma doen\u00e7a ocular muito comum.<\/a><\/h3><p itemprop=\"description\" class=\"q_masonry_blog_excerpt\">Uma das causas da cegueira que \u00e9 considerada a mais importante devido ao seu impacto econ\u00f4mico-social, n\u00e3o s\u00f3 na vida dos idosos, como tamb\u00e9m na sociedade e pelo elevado custo financeiro que gera...<\/p><div class=\"q_masonry_blog_post_info\"><\/div><\/div><\/article><article  class='post-16993 post type-post status-publish format-standard has-post-thumbnail hentry category-oftalmo category-sem-categoria '><div class=\"q_masonry_blog_post_image\"><a itemprop=\"url\" href=\"https:\/\/drpedrodetoledo.com.br\/?p=16993\" target=\"_self\"><img decoding=\"async\" itemprop=\"image\" src=\"https:\/\/drpedrodetoledo.com.br\/wp-content\/uploads\/2017\/06\/conjutivite.jpg\" \/><\/a><\/div><div class=\"q_masonry_blog_post_text\"><h3 itemprop=\"name\" class=\"q_masonry_blog_title entry_title\"><a itemprop=\"url\" href=\"https:\/\/drpedrodetoledo.com.br\/?p=16993\">A conjuntivite e o ver\u00e3o.<\/a><\/h3><p itemprop=\"description\" class=\"q_masonry_blog_excerpt\">S\u00e3o muito comuns epidemias de conjuntivite no ver\u00e3o. A conjuntiva \u00e9 uma membrana que recobre o interior das p\u00e1lpebras e a parte branca dos olhos (esclera). Durante epis\u00f3dios de conjuntivite, esta...<\/p><div class=\"q_masonry_blog_post_info\"><\/div><\/div><\/article><\/div>[\/vc_column][\/vc_row]<\/p>\n","protected":false},"excerpt":{"rendered":"<p>[vc_row row_type=&#8221;row&#8221; use_row_as_full_screen_section=&#8221;no&#8221; type=&#8221;grid&#8221; angled_section=&#8221;no&#8221; text_align=&#8221;left&#8221; background_image_as_pattern=&#8221;without_pattern&#8221; background_color=&#8221;#f3f4f6&#8243; css_animation=&#8221;&#8221; css=&#8221;.vc_custom_1478030526403{padding-top: 60px !important;padding-bottom: 60px !important;}&#8221; el_class=&#8221;h0&#8243; el_id=&#8221;inicio&#8221;][vc_column][vc_raw_html]JTNDYSUyMGhyZWYlM0QlMjIlMjNpbmljaW8lMjIlM0UlM0NkaXYlMjBjbGFzcyUzRCUyMnNjcm9sbGRvd24lMjIlM0UlM0NpJTIwY2xhc3MlM0QlMjJmYSUyMGZhLWFuZ2xlLWRvd24lMjIlM0UlM0MlMkZpJTNFJTNDJTJGZGl2JTNFJTNDJTJGYSUzRQ==[\/vc_raw_html][\/vc_column][\/vc_row][vc_row row_type=&#8221;row&#8221; use_row_as_full_screen_section=&#8221;no&#8221; type=&#8221;grid&#8221; angled_section=&#8221;no&#8221; text_align=&#8221;left&#8221; background_image_as_pattern=&#8221;without_pattern&#8221; background_color=&#8221;#f3f4f6&#8243; css_animation=&#8221;&#8221; css=&#8221;.vc_custom_1484679308123{padding-bottom: 120px !important;}&#8221; el_class=&#8221;pedro-a&#8221; el_id=&#8221;Dr. Pedro de Toledo&#8221;][vc_column][vc_column_text css=&#8221;.vc_custom_1478797161372{margin-bottom: 60px !important;}&#8221; el_class=&#8221;pedro-h pedro-title&#8221;] Dr. Pedro de Toledo [\/vc_column_text][vc_column_text el_class=&#8221;pedro-t&#8221; css=&#8221;.vc_custom_1496615784890{margin-bottom: 10px&#8230;<\/p>\n","protected":false},"author":1,"featured_media":0,"parent":0,"menu_order":0,"comment_status":"open","ping_status":"open","template":"full_width.php","meta":{"footnotes":""},"_links":{"self":[{"href":"https:\/\/drpedrodetoledo.com.br\/index.php?rest_route=\/wp\/v2\/pages\/16830"}],"collection":[{"href":"https:\/\/drpedrodetoledo.com.br\/index.php?rest_route=\/wp\/v2\/pages"}],"about":[{"href":"https:\/\/drpedrodetoledo.com.br\/index.php?rest_route=\/wp\/v2\/types\/page"}],"author":[{"embeddable":true,"href":"https:\/\/drpedrodetoledo.com.br\/index.php?rest_route=\/wp\/v2\/users\/1"}],"replies":[{"embeddable":true,"href":"https:\/\/drpedrodetoledo.com.br\/index.php?rest_route=%2Fwp%2Fv2%2Fcomments&post=16830"}],"version-history":[{"count":13,"href":"https:\/\/drpedrodetoledo.com.br\/index.php?rest_route=\/wp\/v2\/pages\/16830\/revisions"}],"predecessor-version":[{"id":16960,"href":"https:\/\/drpedrodetoledo.com.br\/index.php?rest_route=\/wp\/v2\/pages\/16830\/revisions\/16960"}],"wp:attachment":[{"href":"https:\/\/drpedrodetoledo.com.br\/index.php?rest_route=%2Fwp%2Fv2%2Fmedia&parent=16830"}],"curies":[{"name":"wp","href":"https:\/\/api.w.org\/{rel}","templated":true}]}}