{"id":16793,"date":"2016-11-07T19:24:55","date_gmt":"2016-11-07T19:24:55","guid":{"rendered":"http:\/\/drpedrodetoledo.com.br\/?page_id=16793"},"modified":"2017-06-06T14:19:44","modified_gmt":"2017-06-06T14:19:44","slug":"home-bridge-health-2-3","status":"publish","type":"page","link":"https:\/\/drpedrodetoledo.com.br\/?page_id=16793","title":{"rendered":"Especialidades"},"content":{"rendered":"<p>[vc_row row_type=&#8221;parallax&#8221; parallax_content_width=&#8221;in_grid&#8221; text_align=&#8221;left&#8221; background_image=&#8221;16893&#8243; full_screen_section_height=&#8221;no&#8221; el_class=&#8221;c-slide&#8221; css=&#8221;.vc_custom_1478807555594{background-position: center !important;background-repeat: no-repeat !important;background-size: cover !important;}&#8221;][vc_column][vc_column_text el_class=&#8221;c-slide-bg&#8221;][\/vc_column_text][vc_column_text el_class=&#8221;c-slide-title&#8221;]<\/p>\n<h1>\u00c1rea de Atua\u00e7\u00e3o<\/h1>\n<p>[\/vc_column_text][vc_column_text el_class=&#8221;c-slide-text&#8221;]<\/p>\n<h3>Conhe\u00e7a minhas\u00a0especialidades<\/h3>\n<p>[\/vc_column_text][\/vc_column][\/vc_row][vc_row row_type=&#8221;row&#8221; use_row_as_full_screen_section=&#8221;no&#8221; type=&#8221;grid&#8221; angled_section=&#8221;no&#8221; text_align=&#8221;left&#8221; background_image_as_pattern=&#8221;without_pattern&#8221; background_color=&#8221;#f3f4f6&#8243; css_animation=&#8221;&#8221; css=&#8221;.vc_custom_1478547819694{padding-top: 60px !important;padding-bottom: 60px !important;background-color: #ffffff !important;}&#8221; el_class=&#8221;hasrow&#8221; el_id=&#8221;catarata&#8221;][vc_column width=&#8221;1\/2&#8243; css=&#8221;.vc_custom_1496758688319{margin-top: 20px !important;}&#8221;][vc_gallery interval=&#8221;3&#8243; images=&#8221;16898,16924,16902&#8243; img_size=&#8221;full&#8221;][\/vc_column][vc_column width=&#8221;1\/2&#8243;][vc_column_text css=&#8221;.vc_custom_1496758630522{margin-top: -10px !important;margin-bottom: 30px !important;}&#8221; el_class=&#8221;pedro-title&#8221;]<\/p>\n<h1>Cirurgia de Catarata<\/h1>\n<p>[\/vc_column_text][vc_column_text css=&#8221;.vc_custom_1496758644378{margin-top: -10px !important;}&#8221;]<\/p>\n<p class=\"Corpo\"><span lang=\"EN-US\">Nos \u00faltimos 10 anos a cirurgia de catarata sofreu uma verdadeira revolu\u00e7\u00e3o tecnol\u00f3gica. Os \u00faltimos aparelhos dispon\u00edveis no mercado para auxiliar os cirurgi\u00f5es no tratamento desta patologia proporcionaram um procedimento mais seguro e com menores riscos.\u00a0<\/span>Com as novas lentes intra oculares e as novas tecnologias que est\u00e3o por vir, este procedimento cir\u00fargico vem possibilitando aos pacientes n\u00e3o s\u00f3 o restabelecimento da vis\u00e3o antes perdida por um processo de envelhecimento do cristalino como tamb\u00e9m a chance de uma vida sem \u00f3culos e com melhor qualidade visual.<\/p>\n<p>[\/vc_column_text]<a  itemprop=\"url\" href=\"https:\/\/drpedrodetoledo.com.br\/?page_id=16836\" target=\"_self\"  class=\"qbutton  medium center default\" style=\"margin: 20px 0px 0px 0px; border-radius: 4px;-moz-border-radius: 4px;-webkit-border-radius: 4px; \">Saiba mais<\/a>[\/vc_column][\/vc_row][vc_row row_type=&#8221;row&#8221; use_row_as_full_screen_section=&#8221;no&#8221; type=&#8221;grid&#8221; angled_section=&#8221;no&#8221; text_align=&#8221;left&#8221; background_image_as_pattern=&#8221;without_pattern&#8221; background_color=&#8221;#f3f4f6&#8243; css_animation=&#8221;&#8221; css=&#8221;.vc_custom_1481542050199{padding-top: 60px !important;padding-bottom: 60px !important;background-color: #f3f4f6 !important;}&#8221; el_id=&#8221;lente&#8221; el_class=&#8221;flex-reverse&#8221;][vc_column width=&#8221;1\/2&#8243;][vc_column_text css=&#8221;.vc_custom_1478547356859{margin-bottom: 30px !important;}&#8221; el_class=&#8221;pedro-title&#8221;]<\/p>\n<h1 style=\"text-align: right;\">Lentes de Contato<\/h1>\n<p>[\/vc_column_text][vc_column_text]<\/p>\n<p class=\"Corpo\" style=\"text-align: right;\"><span lang=\"EN-US\">Considerada algo simples e rotineiro, a adapta\u00e7\u00e3o de lentes de contato \u00e9 muito mais do que isso. Legalmente considerada um ato m\u00e9dico, a adapta\u00e7\u00e3o leva em considera\u00e7\u00f5es: as patologias da c\u00f3rnea, os diversos tipos e modelos de lentes dispon\u00edveis no mercado e as suas intera\u00e7\u00f5es com a c\u00f3rnea.<\/span><\/p>\n<p>[\/vc_column_text]<a id=\"butr\" itemprop=\"url\" href=\"https:\/\/drpedrodetoledo.com.br\/?page_id=16842\" target=\"_self\"  class=\"qbutton  medium center default\" style=\"margin: 20px 0px 0px 0px; border-radius: 4px;-moz-border-radius: 4px;-webkit-border-radius: 4px; \">Saiba mais<\/a>[\/vc_column][vc_column width=&#8221;1\/2&#8243;][vc_gallery interval=&#8221;3&#8243; images=&#8221;16899,16900,16901&#8243; img_size=&#8221;full&#8221;][\/vc_column][\/vc_row][vc_row row_type=&#8221;row&#8221; use_row_as_full_screen_section=&#8221;no&#8221; type=&#8221;grid&#8221; angled_section=&#8221;no&#8221; text_align=&#8221;left&#8221; background_image_as_pattern=&#8221;without_pattern&#8221; background_color=&#8221;#f3f4f6&#8243; css_animation=&#8221;&#8221; css=&#8221;.vc_custom_1478547835463{padding-top: 60px !important;padding-bottom: 60px !important;background-color: #ffffff !important;}&#8221; el_class=&#8221;hasrow&#8221; el_id=&#8221;cera&#8221;][vc_column width=&#8221;1\/2&#8243;][vc_gallery interval=&#8221;3&#8243; images=&#8221;16904,16896,16897&#8243; img_size=&#8221;full&#8221;][\/vc_column][vc_column width=&#8221;1\/2&#8243;][vc_column_text css=&#8221;.vc_custom_1478547387371{margin-bottom: 30px !important;}&#8221; el_class=&#8221;pedro-title&#8221;]<\/p>\n<h1>Corre\u00e7\u00e3o de Ceratocone<\/h1>\n<p>[\/vc_column_text][vc_column_text]O Ceratocone \u00e9 uma patologia que est\u00e1 relacionada \u00e0 c\u00f3rnea. Como o pr\u00f3prio nome diz, nesta patologia, a c\u00f3rnea assume um formato de cone provocando um alto astigmatismo no paciente. E, devido a este astigmatismo provocado pelo aumento de curvatura da c\u00f3rnea, uma vis\u00e3o borrada e ruim se forma. Diversas formas de corre\u00e7\u00e3o da vis\u00e3o e de tratamento existem no mercado.[\/vc_column_text]<a  itemprop=\"url\" href=\"https:\/\/drpedrodetoledo.com.br\/?page_id=16846\" target=\"_self\"  class=\"qbutton  medium center default\" style=\"margin: 20px 0px 0px 0px; border-radius: 4px;-moz-border-radius: 4px;-webkit-border-radius: 4px; \">Saiba mais<\/a>[\/vc_column][\/vc_row]<\/p>\n","protected":false},"excerpt":{"rendered":"<p>[vc_row row_type=&#8221;parallax&#8221; parallax_content_width=&#8221;in_grid&#8221; text_align=&#8221;left&#8221; background_image=&#8221;16893&#8243; full_screen_section_height=&#8221;no&#8221; el_class=&#8221;c-slide&#8221; css=&#8221;.vc_custom_1478807555594{background-position: center !important;background-repeat: no-repeat !important;background-size: cover !important;}&#8221;][vc_column][vc_column_text el_class=&#8221;c-slide-bg&#8221;][\/vc_column_text][vc_column_text el_class=&#8221;c-slide-title&#8221;] \u00c1rea de Atua\u00e7\u00e3o [\/vc_column_text][vc_column_text el_class=&#8221;c-slide-text&#8221;] Conhe\u00e7a minhas\u00a0especialidades [\/vc_column_text][\/vc_column][\/vc_row][vc_row row_type=&#8221;row&#8221; use_row_as_full_screen_section=&#8221;no&#8221; type=&#8221;grid&#8221; angled_section=&#8221;no&#8221; text_align=&#8221;left&#8221; background_image_as_pattern=&#8221;without_pattern&#8221; background_color=&#8221;#f3f4f6&#8243; css_animation=&#8221;&#8221; css=&#8221;.vc_custom_1478547819694{padding-top: 60px !important;padding-bottom: 60px !important;background-color: #ffffff !important;}&#8221; el_class=&#8221;hasrow&#8221; el_id=&#8221;catarata&#8221;][vc_column width=&#8221;1\/2&#8243; css=&#8221;.vc_custom_1496758688319{margin-top: 20px !important;}&#8221;][vc_gallery&#8230;<\/p>\n","protected":false},"author":1,"featured_media":0,"parent":0,"menu_order":0,"comment_status":"open","ping_status":"open","template":"full_width.php","meta":{"footnotes":""},"_links":{"self":[{"href":"https:\/\/drpedrodetoledo.com.br\/index.php?rest_route=\/wp\/v2\/pages\/16793"}],"collection":[{"href":"https:\/\/drpedrodetoledo.com.br\/index.php?rest_route=\/wp\/v2\/pages"}],"about":[{"href":"https:\/\/drpedrodetoledo.com.br\/index.php?rest_route=\/wp\/v2\/types\/page"}],"author":[{"embeddable":true,"href":"https:\/\/drpedrodetoledo.com.br\/index.php?rest_route=\/wp\/v2\/users\/1"}],"replies":[{"embeddable":true,"href":"https:\/\/drpedrodetoledo.com.br\/index.php?rest_route=%2Fwp%2Fv2%2Fcomments&post=16793"}],"version-history":[{"count":30,"href":"https:\/\/drpedrodetoledo.com.br\/index.php?rest_route=\/wp\/v2\/pages\/16793\/revisions"}],"predecessor-version":[{"id":16973,"href":"https:\/\/drpedrodetoledo.com.br\/index.php?rest_route=\/wp\/v2\/pages\/16793\/revisions\/16973"}],"wp:attachment":[{"href":"https:\/\/drpedrodetoledo.com.br\/index.php?rest_route=%2Fwp%2Fv2%2Fmedia&parent=16793"}],"curies":[{"name":"wp","href":"https:\/\/api.w.org\/{rel}","templated":true}]}}