{"id":1452,"date":"2013-10-16T12:05:38","date_gmt":"2013-10-16T12:05:38","guid":{"rendered":"http:\/\/demo.qodeinteractive.com\/bridge26\/?page_id=1452"},"modified":"2021-05-25T14:31:59","modified_gmt":"2021-05-25T14:31:59","slug":"contact","status":"publish","type":"page","link":"https:\/\/drpedrodetoledo.com.br\/?page_id=1452","title":{"rendered":"Contato"},"content":{"rendered":"<p>[vc_row row_type=&#8221;row&#8221; use_row_as_full_screen_section=&#8221;no&#8221; type=&#8221;full_width&#8221; angled_section=&#8221;no&#8221; text_align=&#8221;left&#8221; background_image_as_pattern=&#8221;without_pattern&#8221; css_animation=&#8221;&#8221; css=&#8221;.vc_custom_1478550662779{margin-bottom: 60px !important;}&#8221;][vc_column][vc_column_text]<\/p>\n<h5>Rio de Janeiro | RJ<\/h5>\n<p>[\/vc_column_text][vc_separator type=&#8221;transparent&#8221; up=&#8221;6&#8243; down=&#8221;0&#8243;][vc_column_text]<\/p>\n<h6>Barra da Tijuca<\/h6>\n<p>[\/vc_column_text][vc_column_text css=&#8221;.vc_custom_1621953115114{margin-bottom: 20px !important;}&#8221;]Avenida das Am\u00e9ricas, 700<\/p>\n<p>Sala 317, Citt\u00e0 Am\u00e9rica<\/p>\n<p>Telefones:<br \/>\n(21) 2132-7707<br \/>\n(21) 3554-4288[\/vc_column_text][vc_separator type=&#8221;transparent&#8221; up=&#8221;6&#8243; down=&#8221;0&#8243;][vc_column_text]<\/p>\n<h6>Ipanema<\/h6>\n<p>[\/vc_column_text][vc_column_text]<\/p>\n<p>Em constru\u00e7\u00e3o[\/vc_column_text][vc_separator type=&#8221;transparent&#8221; up=&#8221;6&#8243; down=&#8221;40&#8243;][vc_column_text]<\/p>\n<h5>Petr\u00f3polis | RJ<\/h5>\n<p>[\/vc_column_text][vc_separator type=&#8221;transparent&#8221; up=&#8221;6&#8243; down=&#8221;6&#8243;][vc_separator type=&#8221;transparent&#8221; up=&#8221;6&#8243; down=&#8221;0&#8243;][vc_column_text]<\/p>\n<h6>Hospital Santa Teresa<\/h6>\n<p>[\/vc_column_text][vc_column_text css=&#8221;.vc_custom_1496802465616{margin-bottom: 50px !important;}&#8221;]Rua Paulino Afonso, 477 &#8211; Centro, Petr\u00f3polis &#8211; RJ<\/p>\n<p>Tel.: 24 2104-4601[\/vc_column_text][\/vc_column][\/vc_row]<\/p>\n","protected":false},"excerpt":{"rendered":"<p>[vc_row row_type=&#8221;row&#8221; use_row_as_full_screen_section=&#8221;no&#8221; type=&#8221;full_width&#8221; angled_section=&#8221;no&#8221; text_align=&#8221;left&#8221; background_image_as_pattern=&#8221;without_pattern&#8221; css_animation=&#8221;&#8221; css=&#8221;.vc_custom_1478550662779{margin-bottom: 60px !important;}&#8221;][vc_column][vc_column_text] Rio de Janeiro | RJ [\/vc_column_text][vc_separator type=&#8221;transparent&#8221; up=&#8221;6&#8243; down=&#8221;0&#8243;][vc_column_text] Barra da Tijuca [\/vc_column_text][vc_column_text css=&#8221;.vc_custom_1621953115114{margin-bottom: 20px !important;}&#8221;]Avenida das Am\u00e9ricas, 700 Sala 317, Citt\u00e0 Am\u00e9rica Telefones: (21) 2132-7707 (21) 3554-4288[\/vc_column_text][vc_separator type=&#8221;transparent&#8221; up=&#8221;6&#8243; down=&#8221;0&#8243;][vc_column_text] Ipanema [\/vc_column_text][vc_column_text] Em&#8230;<\/p>\n","protected":false},"author":1,"featured_media":0,"parent":0,"menu_order":0,"comment_status":"open","ping_status":"open","template":"contact-page.php","meta":{"footnotes":""},"_links":{"self":[{"href":"https:\/\/drpedrodetoledo.com.br\/index.php?rest_route=\/wp\/v2\/pages\/1452"}],"collection":[{"href":"https:\/\/drpedrodetoledo.com.br\/index.php?rest_route=\/wp\/v2\/pages"}],"about":[{"href":"https:\/\/drpedrodetoledo.com.br\/index.php?rest_route=\/wp\/v2\/types\/page"}],"author":[{"embeddable":true,"href":"https:\/\/drpedrodetoledo.com.br\/index.php?rest_route=\/wp\/v2\/users\/1"}],"replies":[{"embeddable":true,"href":"https:\/\/drpedrodetoledo.com.br\/index.php?rest_route=%2Fwp%2Fv2%2Fcomments&post=1452"}],"version-history":[{"count":10,"href":"https:\/\/drpedrodetoledo.com.br\/index.php?rest_route=\/wp\/v2\/pages\/1452\/revisions"}],"predecessor-version":[{"id":17015,"href":"https:\/\/drpedrodetoledo.com.br\/index.php?rest_route=\/wp\/v2\/pages\/1452\/revisions\/17015"}],"wp:attachment":[{"href":"https:\/\/drpedrodetoledo.com.br\/index.php?rest_route=%2Fwp%2Fv2%2Fmedia&parent=1452"}],"curies":[{"name":"wp","href":"https:\/\/api.w.org\/{rel}","templated":true}]}}